{"id":112,"date":"2023-12-21T10:29:22","date_gmt":"2023-12-21T10:29:22","guid":{"rendered":"https:\/\/evisa.xpressbuddy.com\/?page_id=112"},"modified":"2025-06-02T13:57:38","modified_gmt":"2025-06-02T13:57:38","slug":"contact","status":"publish","type":"page","link":"https:\/\/litaliajara.com\/it\/contact\/","title":{"rendered":"Contatto"},"content":{"rendered":"<div data-elementor-type=\"wp-page\" data-elementor-id=\"112\" class=\"elementor elementor-112\" data-elementor-post-type=\"page\">\n\t\t\t\t\t\t<section class=\"elementor-section elementor-top-section elementor-element elementor-element-20ab56f elementor-section-boxed elementor-section-height-default elementor-section-height-default\" data-id=\"20ab56f\" data-element_type=\"section\">\n\t\t\t\t\t\t<div class=\"elementor-container elementor-column-gap-default\">\n\t\t\t\t\t<div class=\"elementor-column elementor-col-50 elementor-top-column elementor-element elementor-element-92c937c\" data-id=\"92c937c\" data-element_type=\"column\">\n\t\t\t<div class=\"elementor-widget-wrap elementor-element-populated\">\n\t\t\t\t\t\t<div class=\"elementor-element elementor-element-97be1a4 elementor-widget elementor-widget-int-contact-info\" data-id=\"97be1a4\" data-element_type=\"widget\" data-widget_type=\"int-contact-info.default\">\n\t\t\t\t<div class=\"elementor-widget-container\">\n\t\t\t\t\t\r\n        <div class=\"xb-contact-info text-center\">\r\n            <div class=\"xb-item--flag\">\r\n                <img fetchpriority=\"high\" decoding=\"async\" width=\"300\" height=\"197\" src=\"https:\/\/litaliajara.com\/wp-content\/uploads\/2025\/05\/tunisiac-logo-png-transparent-300x197.png\" class=\"attachment-medium size-medium\" alt=\"\" srcset=\"https:\/\/litaliajara.com\/wp-content\/uploads\/2025\/05\/tunisiac-logo-png-transparent-300x197.png 300w, https:\/\/litaliajara.com\/wp-content\/uploads\/2025\/05\/tunisiac-logo-png-transparent-1024x673.png 1024w, https:\/\/litaliajara.com\/wp-content\/uploads\/2025\/05\/tunisiac-logo-png-transparent-768x505.png 768w, https:\/\/litaliajara.com\/wp-content\/uploads\/2025\/05\/tunisiac-logo-png-transparent-1536x1009.png 1536w, https:\/\/litaliajara.com\/wp-content\/uploads\/2025\/05\/tunisiac-logo-png-transparent-2048x1346.png 2048w\" sizes=\"(max-width: 300px) 100vw, 300px\" \/>            <\/div>\r\n                            <h3 class=\"xb-item--title\"><a href=\"#\">(01) Tunis<\/a><\/h3>\r\n                                        <div class=\"xb-item--content\">\r\n                    Via Carthage, Edificio Carthage Center, Primo Piano, Ufficio n. 15, accanto alla stazione ferroviaria di Barcellona, Tunisi                <\/div>\r\n                    <\/div>\r\n        \t\t\t\t<\/div>\n\t\t\t\t<\/div>\n\t\t\t\t\t<\/div>\n\t\t<\/div>\n\t\t\t\t<div class=\"elementor-column elementor-col-50 elementor-top-column elementor-element elementor-element-73fb98f\" data-id=\"73fb98f\" data-element_type=\"column\">\n\t\t\t<div class=\"elementor-widget-wrap elementor-element-populated\">\n\t\t\t\t\t\t<div class=\"elementor-element elementor-element-7dec6ab elementor-widget elementor-widget-int-contact-info\" data-id=\"7dec6ab\" data-element_type=\"widget\" data-widget_type=\"int-contact-info.default\">\n\t\t\t\t<div class=\"elementor-widget-container\">\n\t\t\t\t\t\r\n        <div class=\"xb-contact-info text-center\">\r\n            <div class=\"xb-item--flag\">\r\n                <img fetchpriority=\"high\" decoding=\"async\" width=\"300\" height=\"197\" src=\"https:\/\/litaliajara.com\/wp-content\/uploads\/2025\/05\/tunisiac-logo-png-transparent-300x197.png\" class=\"attachment-medium size-medium\" alt=\"\" srcset=\"https:\/\/litaliajara.com\/wp-content\/uploads\/2025\/05\/tunisiac-logo-png-transparent-300x197.png 300w, https:\/\/litaliajara.com\/wp-content\/uploads\/2025\/05\/tunisiac-logo-png-transparent-1024x673.png 1024w, https:\/\/litaliajara.com\/wp-content\/uploads\/2025\/05\/tunisiac-logo-png-transparent-768x505.png 768w, https:\/\/litaliajara.com\/wp-content\/uploads\/2025\/05\/tunisiac-logo-png-transparent-1536x1009.png 1536w, https:\/\/litaliajara.com\/wp-content\/uploads\/2025\/05\/tunisiac-logo-png-transparent-2048x1346.png 2048w\" sizes=\"(max-width: 300px) 100vw, 300px\" \/>            <\/div>\r\n                            <h3 class=\"xb-item--title\"><a href=\"#\">(02) Mahdia<\/a><\/h3>\r\n                                        <div class=\"xb-item--content\">\r\n                    Mahdia, Via 2 Marzo, Edificio Al-Amin, terzo piano, prima del governatorato, di fronte all&#039;ufficio del catasto di Mahdia                 <\/div>\r\n                    <\/div>\r\n        \t\t\t\t<\/div>\n\t\t\t\t<\/div>\n\t\t\t\t\t<\/div>\n\t\t<\/div>\n\t\t\t\t\t<\/div>\n\t\t<\/section>\n\t\t\t\t<section class=\"elementor-section elementor-top-section elementor-element elementor-element-b3884c1 elementor-section-boxed elementor-section-height-default elementor-section-height-default\" data-id=\"b3884c1\" data-element_type=\"section\">\n\t\t\t\t\t\t<div class=\"elementor-container elementor-column-gap-default\">\n\t\t\t\t\t<div class=\"elementor-column elementor-col-100 elementor-top-column elementor-element elementor-element-790868c\" data-id=\"790868c\" data-element_type=\"column\">\n\t\t\t<div class=\"elementor-widget-wrap elementor-element-populated\">\n\t\t\t\t\t\t<div class=\"elementor-element elementor-element-34a5aac elementor-widget elementor-widget-int-contact\" data-id=\"34a5aac\" data-element_type=\"widget\" data-widget_type=\"int-contact.default\">\n\t\t\t\t<div class=\"elementor-widget-container\">\n\t\t\t\t\t\r\n        <section class=\"contact contact-pt gray-bg\">\r\n            <div class=\"container\">\r\n                <div class=\"xb-contact pos-rel\">\r\n                    <div class=\"row\">\r\n                        <div class=\"col-lg-6\">\r\n                            <div class=\"xb-item--inner\">\r\n                                <div class=\"xb-item--holder mb-25\">\r\n                                                                            <span><span><svg xmlns=\"http:\/\/www.w3.org\/2000\/svg\" width=\"14\" height=\"19\" viewbox=\"0 0 14 19\" fill=\"none\"><circle cx=\"2\" cy=\"2\" r=\"2\" fill=\"#00CC99\"><\/circle><circle cx=\"7\" cy=\"2\" r=\"2\" fill=\"#00CC99\"><\/circle><circle cx=\"12\" cy=\"2\" r=\"2\" fill=\"#00CC99\"><\/circle><circle cx=\"12\" cy=\"7\" r=\"2\" fill=\"#00CC99\"><\/circle><circle cx=\"12\" cy=\"12\" r=\"2\" fill=\"#00CC99\"><\/circle><circle cx=\"7\" cy=\"7\" r=\"2\" fill=\"#00CC99\"><\/circle><circle cx=\"7\" cy=\"12\" r=\"2\" fill=\"#00CC99\"><\/circle><circle cx=\"7\" cy=\"17\" r=\"2\" fill=\"#00CC99\"><\/circle><circle cx=\"2\" cy=\"7\" r=\"2\" fill=\"#00CC99\"><\/circle><circle cx=\"2\" cy=\"12\" r=\"2\" fill=\"#00CC99\"><\/circle><\/svg><\/span>Contattaci<\/span>\r\n                                                                                                                <h3>Hai domande o vorresti <br>maggiori informazioni?<\/h3>\r\n                                                                    <\/div>\r\n                                                                    <div class=\"xb-item--form contact-from\">\r\n                                        \n<div class=\"wpcf7 no-js\" id=\"wpcf7-f197-o2\" lang=\"en-US\" dir=\"ltr\" data-wpcf7-id=\"197\">\n<div class=\"screen-reader-response\"><p role=\"status\" aria-live=\"polite\" aria-atomic=\"true\"><\/p> <ul><\/ul><\/div>\n<form action=\"\/it\/wp-json\/wp\/v2\/pages\/112#wpcf7-f197-o2\" method=\"post\" class=\"wpcf7-form init\" aria-label=\"Contact form\" novalidate=\"novalidate\" data-status=\"init\" data-trp-original-action=\"\/it\/wp-json\/wp\/v2\/pages\/112#wpcf7-f197-o2\">\n<div style=\"display: none;\">\n<input type=\"hidden\" name=\"_wpcf7\" value=\"197\" \/>\n<input type=\"hidden\" name=\"_wpcf7_version\" value=\"6.0.6\" \/>\n<input type=\"hidden\" name=\"_wpcf7_locale\" value=\"en_US\" \/>\n<input type=\"hidden\" name=\"_wpcf7_unit_tag\" value=\"wpcf7-f197-o2\" \/>\n<input type=\"hidden\" name=\"_wpcf7_container_post\" value=\"0\" \/>\n<input type=\"hidden\" name=\"_wpcf7_posted_data_hash\" value=\"\" \/>\n<\/div>\n<div class=\"row\">\n    <div class=\"col-lg-6\">\n        <div class=\"xb-item--field\">\n            <span class=\"icon icon-user\"><\/span>\n            <span class=\"wpcf7-form-control-wrap\" data-name=\"text-929\"><input size=\"40\" maxlength=\"400\" class=\"wpcf7-form-control wpcf7-text wpcf7-validates-as-required\" aria-required=\"true\" aria-invalid=\"false\" placeholder=\"Flen Ben Foulen\" value=\"\" type=\"text\" name=\"text-929\" \/><\/span>\n        <\/div>\n    <\/div>\n    <div class=\"col-lg-6\">\n        <div class=\"xb-item--field\">\n            <span class=\"icon icon-mail\"><\/span>\n            <span class=\"wpcf7-form-control-wrap\" data-name=\"email-454\"><input size=\"40\" maxlength=\"400\" class=\"wpcf7-form-control wpcf7-email wpcf7-validates-as-required wpcf7-text wpcf7-validates-as-email\" aria-required=\"true\" aria-invalid=\"false\" placeholder=\"flen@gmail.com\" value=\"\" type=\"email\" name=\"email-454\" \/><\/span>\n        <\/div>\n    <\/div>\n    <div class=\"col-lg-6\">\n        <div class=\"xb-item--field\">\n            <span class=\"icon icon-select\"><\/span>\n            <span class=\"wpcf7-form-control-wrap\" data-name=\"menu-365\"><select class=\"wpcf7-form-control wpcf7-select wpcf7-validates-as-required nice-select\" aria-required=\"true\" aria-invalid=\"false\" name=\"menu-365\"><option value=\"Visa \u00e9tudiant\">Visto per studenti<\/option><option value=\"Visa touristique\">Visto turistico<\/option><option value=\"Visa commercial\">Visto d&#039;affari<\/option><option value=\"Visa de r\u00e9sidence\">Visto di residenza<\/option><option value=\"Visa de travail\">visto di lavoro<\/option><\/select><\/span>\n        <\/div>\n    <\/div>\n    <div class=\"col-lg-6\">\n        <div class=\"xb-item--field\">\n            <span class=\"icon icon-call\"><\/span>\n            <span class=\"wpcf7-form-control-wrap\" data-name=\"text-930\"><input size=\"40\" maxlength=\"400\" class=\"wpcf7-form-control wpcf7-text\" aria-invalid=\"false\" placeholder=\"+216 98 999 999\" value=\"\" type=\"text\" name=\"text-930\" \/><\/span>\n        <\/div>\n    <\/div>\n    <div class=\"col-12\">\n        <div class=\"xb-item--field\">\n            <span class=\"icon icon-message\"><\/span>\n            <span class=\"wpcf7-form-control-wrap\" data-name=\"textarea-670\"><textarea cols=\"40\" rows=\"10\" maxlength=\"2000\" class=\"wpcf7-form-control wpcf7-textarea wpcf7-validates-as-required\" aria-required=\"true\" aria-invalid=\"false\" placeholder=\"Scrivi il tuo messaggio...\" name=\"textarea-670\"><\/textarea><\/span>\n        <\/div>\n    <\/div>\n    <div class=\"col-12\">\n        <button class=\"thm-btn\" type=\"submit\">Invia un messaggio<\/button>\n    <\/div>\n<\/div><div class=\"wpcf7-response-output\" aria-hidden=\"true\"><\/div>\n<input type=\"hidden\" name=\"trp-form-language\" value=\"it\"\/><\/form>\n<\/div>\n                                    <\/div>\r\n                                                            <\/div>\r\n                        <\/div>\r\n                    <\/div>\r\n                    <div class=\"google-map\"><iframe src=\"https:\/\/www.google.com\/maps\/embed?pb=!1m14!1m12!1m3!1d14602.254272231177!2d10.1837420!3d36.8076983!2m3!1f0!2f0!3f0!3m2!1i1024!2i768!4f13.1!5e0!3m2!1sen!2sbd!4v1592852423971!5m2!1sen!2sbd\"><\/iframe><\/div>                <\/div>\r\n            <\/div>\r\n        <\/section>\r\n        \t\t\t\t<\/div>\n\t\t\t\t<\/div>\n\t\t\t\t\t<\/div>\n\t\t<\/div>\n\t\t\t\t\t<\/div>\n\t\t<\/section>\n\t\t\t\t<\/div>","protected":false},"excerpt":{"rendered":"<p>(01) Tunis Rue Carthage, Immeuble Carthage Center, Premier \u00e9tage, Bureau n\u00b0 15, \u00e0 c\u00f4t\u00e9 de la gare de Barcelone, Tunis (02) Mahdia Mahdia, rue du 2 mars, immeuble Al-Amin, troisi\u00e8me \u00e9tage, avant le gouvernorat, en face du bureau du cadastre de Mahdia Visa \u00e9tudiantVisa touristiqueVisa commercialVisa de r\u00e9sidenceVisa de travail Envoyer un message Contactez-nous Avez-vous [&hellip;]<\/p>","protected":false},"author":1,"featured_media":0,"parent":0,"menu_order":0,"comment_status":"closed","ping_status":"closed","template":"evisa-template.php","meta":{"inline_featured_image":false,"footnotes":""},"class_list":["post-112","page","type-page","status-publish","hentry"],"_links":{"self":[{"href":"https:\/\/litaliajara.com\/it\/wp-json\/wp\/v2\/pages\/112","targetHints":{"allow":["GET"]}}],"collection":[{"href":"https:\/\/litaliajara.com\/it\/wp-json\/wp\/v2\/pages"}],"about":[{"href":"https:\/\/litaliajara.com\/it\/wp-json\/wp\/v2\/types\/page"}],"author":[{"embeddable":true,"href":"https:\/\/litaliajara.com\/it\/wp-json\/wp\/v2\/users\/1"}],"replies":[{"embeddable":true,"href":"https:\/\/litaliajara.com\/it\/wp-json\/wp\/v2\/comments?post=112"}],"version-history":[{"count":13,"href":"https:\/\/litaliajara.com\/it\/wp-json\/wp\/v2\/pages\/112\/revisions"}],"predecessor-version":[{"id":2603,"href":"https:\/\/litaliajara.com\/it\/wp-json\/wp\/v2\/pages\/112\/revisions\/2603"}],"wp:attachment":[{"href":"https:\/\/litaliajara.com\/it\/wp-json\/wp\/v2\/media?parent=112"}],"curies":[{"name":"wp","href":"https:\/\/api.w.org\/{rel}","templated":true}]}}