{"id":112,"date":"2023-12-21T10:29:22","date_gmt":"2023-12-21T10:29:22","guid":{"rendered":"https:\/\/evisa.xpressbuddy.com\/?page_id=112"},"modified":"2025-06-02T13:57:38","modified_gmt":"2025-06-02T13:57:38","slug":"contact","status":"publish","type":"page","link":"https:\/\/litaliajara.com\/ar\/contact\/","title":{"rendered":"\u0627\u062a\u0635\u0627\u0644"},"content":{"rendered":"<div data-elementor-type=\"wp-page\" data-elementor-id=\"112\" class=\"elementor elementor-112\" data-elementor-post-type=\"page\">\n\t\t\t\t\t\t<section class=\"elementor-section elementor-top-section elementor-element elementor-element-20ab56f elementor-section-boxed elementor-section-height-default elementor-section-height-default\" data-id=\"20ab56f\" data-element_type=\"section\">\n\t\t\t\t\t\t<div class=\"elementor-container elementor-column-gap-default\">\n\t\t\t\t\t<div class=\"elementor-column elementor-col-50 elementor-top-column elementor-element elementor-element-92c937c\" data-id=\"92c937c\" data-element_type=\"column\">\n\t\t\t<div class=\"elementor-widget-wrap elementor-element-populated\">\n\t\t\t\t\t\t<div class=\"elementor-element elementor-element-97be1a4 elementor-widget elementor-widget-int-contact-info\" data-id=\"97be1a4\" data-element_type=\"widget\" data-widget_type=\"int-contact-info.default\">\n\t\t\t\t<div class=\"elementor-widget-container\">\n\t\t\t\t\t\r\n        <div class=\"xb-contact-info text-center\">\r\n            <div class=\"xb-item--flag\">\r\n                <img fetchpriority=\"high\" decoding=\"async\" width=\"300\" height=\"197\" src=\"https:\/\/litaliajara.com\/wp-content\/uploads\/2025\/05\/tunisiac-logo-png-transparent-300x197.png\" class=\"attachment-medium size-medium\" alt=\"\" srcset=\"https:\/\/litaliajara.com\/wp-content\/uploads\/2025\/05\/tunisiac-logo-png-transparent-300x197.png 300w, https:\/\/litaliajara.com\/wp-content\/uploads\/2025\/05\/tunisiac-logo-png-transparent-1024x673.png 1024w, https:\/\/litaliajara.com\/wp-content\/uploads\/2025\/05\/tunisiac-logo-png-transparent-768x505.png 768w, https:\/\/litaliajara.com\/wp-content\/uploads\/2025\/05\/tunisiac-logo-png-transparent-1536x1009.png 1536w, https:\/\/litaliajara.com\/wp-content\/uploads\/2025\/05\/tunisiac-logo-png-transparent-2048x1346.png 2048w\" sizes=\"(max-width: 300px) 100vw, 300px\" \/>            <\/div>\r\n                            <h3 class=\"xb-item--title\"><a href=\"#\">(01) \u062a\u0648\u0646\u0633<\/a><\/h3>\r\n                                        <div class=\"xb-item--content\">\r\n                    \u0634\u0627\u0631\u0639 \u0642\u0631\u0637\u0627\u062c\u060c \u0645\u0628\u0646\u0649 \u0645\u0631\u0643\u0632 \u0642\u0631\u0637\u0627\u062c\u060c \u0627\u0644\u0637\u0627\u0628\u0642 \u0627\u0644\u0623\u0648\u0644\u060c \u0645\u0643\u062a\u0628 \u0631\u0642\u0645 15\u060c \u0628\u062c\u0648\u0627\u0631 \u0645\u062d\u0637\u0629 \u0642\u0637\u0627\u0631 \u0628\u0631\u0634\u0644\u0648\u0646\u0629\u060c \u062a\u0648\u0646\u0633                <\/div>\r\n                    <\/div>\r\n        \t\t\t\t<\/div>\n\t\t\t\t<\/div>\n\t\t\t\t\t<\/div>\n\t\t<\/div>\n\t\t\t\t<div class=\"elementor-column elementor-col-50 elementor-top-column elementor-element elementor-element-73fb98f\" data-id=\"73fb98f\" data-element_type=\"column\">\n\t\t\t<div class=\"elementor-widget-wrap elementor-element-populated\">\n\t\t\t\t\t\t<div class=\"elementor-element elementor-element-7dec6ab elementor-widget elementor-widget-int-contact-info\" data-id=\"7dec6ab\" data-element_type=\"widget\" data-widget_type=\"int-contact-info.default\">\n\t\t\t\t<div class=\"elementor-widget-container\">\n\t\t\t\t\t\r\n        <div class=\"xb-contact-info text-center\">\r\n            <div class=\"xb-item--flag\">\r\n                <img fetchpriority=\"high\" decoding=\"async\" width=\"300\" height=\"197\" src=\"https:\/\/litaliajara.com\/wp-content\/uploads\/2025\/05\/tunisiac-logo-png-transparent-300x197.png\" class=\"attachment-medium size-medium\" alt=\"\" srcset=\"https:\/\/litaliajara.com\/wp-content\/uploads\/2025\/05\/tunisiac-logo-png-transparent-300x197.png 300w, https:\/\/litaliajara.com\/wp-content\/uploads\/2025\/05\/tunisiac-logo-png-transparent-1024x673.png 1024w, https:\/\/litaliajara.com\/wp-content\/uploads\/2025\/05\/tunisiac-logo-png-transparent-768x505.png 768w, https:\/\/litaliajara.com\/wp-content\/uploads\/2025\/05\/tunisiac-logo-png-transparent-1536x1009.png 1536w, https:\/\/litaliajara.com\/wp-content\/uploads\/2025\/05\/tunisiac-logo-png-transparent-2048x1346.png 2048w\" sizes=\"(max-width: 300px) 100vw, 300px\" \/>            <\/div>\r\n                            <h3 class=\"xb-item--title\"><a href=\"#\">(02) \u0627\u0644\u0645\u0647\u062f\u064a\u0629<\/a><\/h3>\r\n                                        <div class=\"xb-item--content\">\r\n                    \u0627\u0644\u0645\u0647\u062f\u064a\u0629\u060c \u0634\u0627\u0631\u0639 2 \u0645\u0627\u0631\u0633\u060c \u0639\u0645\u0627\u0631\u0629 \u0627\u0644\u0623\u0645\u064a\u0646\u060c \u0627\u0644\u0637\u0627\u0628\u0642 \u0627\u0644\u062b\u0627\u0644\u062b\u060c \u0642\u0628\u0644 \u0627\u0644\u0645\u062d\u0627\u0641\u0638\u0629\u060c \u0645\u0642\u0627\u0628\u0644 \u0645\u0643\u062a\u0628 \u062a\u0633\u062c\u064a\u0644 \u0627\u0644\u0623\u0631\u0627\u0636\u064a \u0628\u0627\u0644\u0645\u0647\u062f\u064a\u0629                 <\/div>\r\n                    <\/div>\r\n        \t\t\t\t<\/div>\n\t\t\t\t<\/div>\n\t\t\t\t\t<\/div>\n\t\t<\/div>\n\t\t\t\t\t<\/div>\n\t\t<\/section>\n\t\t\t\t<section class=\"elementor-section elementor-top-section elementor-element elementor-element-eaba128 elementor-section-boxed elementor-section-height-default elementor-section-height-default\" data-id=\"eaba128\" data-element_type=\"section\">\n\t\t\t\t\t\t<div class=\"elementor-container elementor-column-gap-default\">\n\t\t\t\t\t<div class=\"elementor-column elementor-col-100 elementor-top-column elementor-element elementor-element-31cfde1\" data-id=\"31cfde1\" data-element_type=\"column\">\n\t\t\t<div class=\"elementor-widget-wrap elementor-element-populated\">\n\t\t\t\t\t\t<div class=\"elementor-element elementor-element-90e446b elementor-widget elementor-widget-int-contact-me\" data-id=\"90e446b\" data-element_type=\"widget\" data-widget_type=\"int-contact-me.default\">\n\t\t\t\t<div class=\"elementor-widget-container\">\n\t\t\t\t\t\r\n        <div class=\"team-single__contact\">\r\n            <div class=\"team-single__holder mb-35\">\r\n                                            <\/div>\r\n                            <div class=\"contact-from\">\r\n                    \n<div class=\"wpcf7 no-js\" id=\"wpcf7-f197-o1\" lang=\"en-US\" dir=\"ltr\" data-wpcf7-id=\"197\">\n<div class=\"screen-reader-response\"><p role=\"status\" aria-live=\"polite\" aria-atomic=\"true\"><\/p> <ul><\/ul><\/div>\n<form action=\"\/ar\/wp-json\/wp\/v2\/pages\/112#wpcf7-f197-o1\" method=\"post\" class=\"wpcf7-form init\" aria-label=\"Contact form\" novalidate=\"novalidate\" data-status=\"init\" data-trp-original-action=\"\/ar\/wp-json\/wp\/v2\/pages\/112#wpcf7-f197-o1\">\n<div style=\"display: none;\">\n<input type=\"hidden\" name=\"_wpcf7\" value=\"197\" \/>\n<input type=\"hidden\" name=\"_wpcf7_version\" value=\"6.0.6\" \/>\n<input type=\"hidden\" name=\"_wpcf7_locale\" value=\"en_US\" \/>\n<input type=\"hidden\" name=\"_wpcf7_unit_tag\" value=\"wpcf7-f197-o1\" \/>\n<input type=\"hidden\" name=\"_wpcf7_container_post\" value=\"0\" \/>\n<input type=\"hidden\" name=\"_wpcf7_posted_data_hash\" value=\"\" \/>\n<\/div>\n<div class=\"row\">\n    <div class=\"col-lg-6\">\n        <div class=\"xb-item--field\">\n            <span class=\"icon icon-user\"><\/span>\n            <span class=\"wpcf7-form-control-wrap\" data-name=\"text-929\"><input size=\"40\" maxlength=\"400\" class=\"wpcf7-form-control wpcf7-text wpcf7-validates-as-required\" aria-required=\"true\" aria-invalid=\"false\" placeholder=\"\u0641\u0644\u064a\u0646 \u0628\u0646 \u0641\u0648\u0644\u064a\u0646\" value=\"\" type=\"text\" name=\"text-929\" \/><\/span>\n        <\/div>\n    <\/div>\n    <div class=\"col-lg-6\">\n        <div class=\"xb-item--field\">\n            <span class=\"icon icon-mail\"><\/span>\n            <span class=\"wpcf7-form-control-wrap\" data-name=\"email-454\"><input size=\"40\" maxlength=\"400\" class=\"wpcf7-form-control wpcf7-email wpcf7-validates-as-required wpcf7-text wpcf7-validates-as-email\" aria-required=\"true\" aria-invalid=\"false\" placeholder=\"flen@gmail.com\" value=\"\" type=\"email\" name=\"email-454\" \/><\/span>\n        <\/div>\n    <\/div>\n    <div class=\"col-lg-6\">\n        <div class=\"xb-item--field\">\n            <span class=\"icon icon-select\"><\/span>\n            <span class=\"wpcf7-form-control-wrap\" data-name=\"menu-365\"><select class=\"wpcf7-form-control wpcf7-select wpcf7-validates-as-required nice-select\" aria-required=\"true\" aria-invalid=\"false\" name=\"menu-365\"><option value=\"Visa \u00e9tudiant\">\u062a\u0623\u0634\u064a\u0631\u0629 \u0637\u0627\u0644\u0628<\/option><option value=\"Visa touristique\">\u062a\u0623\u0634\u064a\u0631\u0629 \u0633\u064a\u0627\u062d\u064a\u0629<\/option><option value=\"Visa commercial\">\u062a\u0623\u0634\u064a\u0631\u0629 \u0639\u0645\u0644<\/option><option value=\"Visa de r\u00e9sidence\">\u062a\u0623\u0634\u064a\u0631\u0629 \u0627\u0644\u0625\u0642\u0627\u0645\u0629<\/option><option value=\"Visa de travail\">\u062a\u0623\u0634\u064a\u0631\u0629 \u0627\u0644\u0639\u0645\u0644<\/option><\/select><\/span>\n        <\/div>\n    <\/div>\n    <div class=\"col-lg-6\">\n        <div class=\"xb-item--field\">\n            <span class=\"icon icon-call\"><\/span>\n            <span class=\"wpcf7-form-control-wrap\" data-name=\"text-930\"><input size=\"40\" maxlength=\"400\" class=\"wpcf7-form-control wpcf7-text\" aria-invalid=\"false\" placeholder=\"+216 98 999 999\" value=\"\" type=\"text\" name=\"text-930\" \/><\/span>\n        <\/div>\n    <\/div>\n    <div class=\"col-12\">\n        <div class=\"xb-item--field\">\n            <span class=\"icon icon-message\"><\/span>\n            <span class=\"wpcf7-form-control-wrap\" data-name=\"textarea-670\"><textarea cols=\"40\" rows=\"10\" maxlength=\"2000\" class=\"wpcf7-form-control wpcf7-textarea wpcf7-validates-as-required\" aria-required=\"true\" aria-invalid=\"false\" placeholder=\"\u0627\u0643\u062a\u0628 \u0631\u0633\u0627\u0644\u062a\u0643...\" name=\"textarea-670\"><\/textarea><\/span>\n        <\/div>\n    <\/div>\n    <div class=\"col-12\">\n        <button class=\"thm-btn\" type=\"submit\">\u0623\u0631\u0633\u0644 \u0631\u0633\u0627\u0644\u0629<\/button>\n    <\/div>\n<\/div><div class=\"wpcf7-response-output\" aria-hidden=\"true\"><\/div>\n<input type=\"hidden\" name=\"trp-form-language\" value=\"ar\"\/><\/form>\n<\/div>\n                <\/div>\r\n                    <\/div>\r\n        \t\t\t\t<\/div>\n\t\t\t\t<\/div>\n\t\t\t\t\t<\/div>\n\t\t<\/div>\n\t\t\t\t\t<\/div>\n\t\t<\/section>\n\t\t\t\t<\/div>","protected":false},"excerpt":{"rendered":"<p>(01) Tunis Rue Carthage, Immeuble Carthage Center, Premier \u00e9tage, Bureau n\u00b0 15, \u00e0 c\u00f4t\u00e9 de la gare de Barcelone, Tunis (02) Mahdia Mahdia, rue du 2 mars, immeuble Al-Amin, troisi\u00e8me \u00e9tage, avant le gouvernorat, en face du bureau du cadastre de Mahdia Visa \u00e9tudiantVisa touristiqueVisa commercialVisa de r\u00e9sidenceVisa de travail Envoyer un message Contactez-nous Avez-vous [&hellip;]<\/p>","protected":false},"author":1,"featured_media":0,"parent":0,"menu_order":0,"comment_status":"closed","ping_status":"closed","template":"evisa-template.php","meta":{"inline_featured_image":false,"footnotes":""},"class_list":["post-112","page","type-page","status-publish","hentry"],"_links":{"self":[{"href":"https:\/\/litaliajara.com\/ar\/wp-json\/wp\/v2\/pages\/112","targetHints":{"allow":["GET"]}}],"collection":[{"href":"https:\/\/litaliajara.com\/ar\/wp-json\/wp\/v2\/pages"}],"about":[{"href":"https:\/\/litaliajara.com\/ar\/wp-json\/wp\/v2\/types\/page"}],"author":[{"embeddable":true,"href":"https:\/\/litaliajara.com\/ar\/wp-json\/wp\/v2\/users\/1"}],"replies":[{"embeddable":true,"href":"https:\/\/litaliajara.com\/ar\/wp-json\/wp\/v2\/comments?post=112"}],"version-history":[{"count":13,"href":"https:\/\/litaliajara.com\/ar\/wp-json\/wp\/v2\/pages\/112\/revisions"}],"predecessor-version":[{"id":2603,"href":"https:\/\/litaliajara.com\/ar\/wp-json\/wp\/v2\/pages\/112\/revisions\/2603"}],"wp:attachment":[{"href":"https:\/\/litaliajara.com\/ar\/wp-json\/wp\/v2\/media?parent=112"}],"curies":[{"name":"wp","href":"https:\/\/api.w.org\/{rel}","templated":true}]}}