{"id":108,"date":"2023-12-21T10:28:50","date_gmt":"2023-12-21T10:28:50","guid":{"rendered":"https:\/\/evisa.xpressbuddy.com\/?page_id=108"},"modified":"2025-06-02T18:24:42","modified_gmt":"2025-06-02T18:24:42","slug":"pays","status":"publish","type":"page","link":"https:\/\/litaliajara.com\/ar\/pays\/","title":{"rendered":"\u062f\u0648\u0644\u0629"},"content":{"rendered":"<div data-elementor-type=\"wp-page\" data-elementor-id=\"108\" class=\"elementor elementor-108\" data-elementor-post-type=\"page\">\n\t\t\t\t\t\t<section class=\"elementor-section elementor-top-section elementor-element elementor-element-9a84fb2 elementor-section-full_width elementor-section-height-default elementor-section-height-default\" data-id=\"9a84fb2\" data-element_type=\"section\">\n\t\t\t\t\t\t<div class=\"elementor-container elementor-column-gap-no\">\n\t\t\t\t\t<div class=\"elementor-column elementor-col-100 elementor-top-column elementor-element elementor-element-6805707\" data-id=\"6805707\" data-element_type=\"column\">\n\t\t\t<div class=\"elementor-widget-wrap elementor-element-populated\">\n\t\t\t\t\t\t<section class=\"elementor-section elementor-inner-section elementor-element elementor-element-e470e22 elementor-section-content-middle elementor-section-boxed elementor-section-height-default elementor-section-height-default\" data-id=\"e470e22\" data-element_type=\"section\">\n\t\t\t\t\t\t<div class=\"elementor-container elementor-column-gap-default\">\n\t\t\t\t\t<div class=\"elementor-column elementor-col-50 elementor-inner-column elementor-element elementor-element-ce56e68\" data-id=\"ce56e68\" data-element_type=\"column\">\n\t\t\t<div class=\"elementor-widget-wrap elementor-element-populated\">\n\t\t\t\t\t\t<div class=\"elementor-element elementor-element-d9338de elementor-widget elementor-widget-int-sec-title\" data-id=\"d9338de\" data-element_type=\"widget\" data-widget_type=\"int-sec-title.default\">\n\t\t\t\t<div class=\"elementor-widget-container\">\n\t\t\t\t\t                <div class=\"sec-title\">\r\n                            <h2 class=\"title wow skewIn\">\u0634\u0631\u0643\u062a\u0646\u0627 \u062a\u0642\u062f\u0645 <span>\u062e\u062f\u0645\u0627\u062a \u0644\u0648\u062c\u0647\u0627\u062a \u0645\u062a\u0639\u062f\u062f\u0629.<\/span><\/h2>\r\n                    <\/div>\r\n    \t\t\t\t<\/div>\n\t\t\t\t<\/div>\n\t\t\t\t\t<\/div>\n\t\t<\/div>\n\t\t\t\t<div class=\"elementor-column elementor-col-50 elementor-inner-column elementor-element elementor-element-35a0c64\" data-id=\"35a0c64\" data-element_type=\"column\">\n\t\t\t<div class=\"elementor-widget-wrap elementor-element-populated\">\n\t\t\t\t\t\t<div class=\"elementor-element elementor-element-f7b2663 elementor-widget elementor-widget-text-editor\" data-id=\"f7b2663\" data-element_type=\"widget\" data-widget_type=\"text-editor.default\">\n\t\t\t\t<div class=\"elementor-widget-container\">\n\t\t\t\t\t\t\t\t\t<p>\u064a\u0639\u062f \u0627\u062e\u062a\u064a\u0627\u0631 \u0648\u062c\u0647\u0629 \u0627\u0644\u0647\u062c\u0631\u0629 \u0627\u0644\u0645\u062b\u0627\u0644\u064a\u0629 \u0642\u0631\u0627\u0631\u064b\u0627 \u062d\u0627\u0633\u0645\u064b\u0627 \u064a\u0645\u0643\u0646 \u0623\u0646 \u064a\u0634\u0643\u0644 \u0645\u0633\u0627\u0631 \u0645\u0633\u062a\u0642\u0628\u0644\u0643.<\/p>\t\t\t\t\t\t\t\t<\/div>\n\t\t\t\t<\/div>\n\t\t\t\t\t<\/div>\n\t\t<\/div>\n\t\t\t\t\t<\/div>\n\t\t<\/section>\n\t\t\t\t<div class=\"elementor-element elementor-element-536b612 elementor-widget elementor-widget-int-country-tab\" data-id=\"536b612\" data-element_type=\"widget\" data-widget_type=\"int-country-tab.default\">\n\t\t\t\t<div class=\"elementor-widget-container\">\n\t\t\t\t\t        <div class=\"container mxw_1320\">\r\n            <ul class=\"xb-country-nav nav nav-tabs ul_li_between mb-65\" id=\"myTab\" role=\"tablist\">\r\n                \r\n      <li class=\"nav-item\" role=\"presentation\">\r\n        <button class=\"nav-link active\" id=\"d-1-tab\" data-bs-toggle=\"tab\" data-bs-target=\"#d-1\" type=\"button\" role=\"tab\" aria-controls=\"d-1\" aria-selected=\"true\">\u0623\u0648\u0631\u0648\u0628\u0627<\/button>\r\n      <\/li>    \r\n                <\/ul>\r\n        <\/div>\r\n\r\n        <div class=\"tab-content\" id=\"myTabContent\">\r\n            \r\n      <div class=\"tab-pane animated fadeInUp show active\" id=\"d-1\" role=\"tabpanel\" aria-labelledby=\"d-1-tab\">\r\n        \t\t<div data-elementor-type=\"page\" data-elementor-id=\"1899\" class=\"elementor elementor-1899\" data-elementor-post-type=\"elementor_library\">\n\t\t\t\t\t\t<section class=\"elementor-section elementor-top-section elementor-element elementor-element-d35baf1 elementor-section-boxed elementor-section-height-default elementor-section-height-default\" data-id=\"d35baf1\" data-element_type=\"section\">\n\t\t\t\t\t\t<div class=\"elementor-container elementor-column-gap-default\">\n\t\t\t\t\t<div class=\"elementor-column elementor-col-100 elementor-top-column elementor-element elementor-element-d11fc90\" data-id=\"d11fc90\" data-element_type=\"column\">\n\t\t\t<div class=\"elementor-widget-wrap elementor-element-populated\">\n\t\t\t\t\t\t<div class=\"elementor-element elementor-element-56feb5c elementor-widget elementor-widget-int-country\" data-id=\"56feb5c\" data-element_type=\"widget\" data-widget_type=\"int-country.default\">\n\t\t\t\t<div class=\"elementor-widget-container\">\n\t\t\t\t\t<div class=\"xb-country ul_li\"><div class=\"xb-item--item\"><a href=\"https:\/\/litaliajara.com\/ar\/country\/belgique\/\" class=\"xb-item--inner ul_li\"><div class=\"xb-item--flag\"><img decoding=\"async\" src=\"https:\/\/wp.xpressbuddy.com\/evisa\/wp-content\/uploads\/2023\/12\/img_02-2.png\" alt=\"\"><\/div><h3 class=\"xb-item--title\">\u0628\u0644\u062c\u064a\u0643\u0627<\/h3><\/a><\/div><div class=\"xb-item--item\"><a href=\"https:\/\/litaliajara.com\/ar\/country\/france\/\" class=\"xb-item--inner ul_li\"><div class=\"xb-item--flag\"><img decoding=\"async\" src=\"https:\/\/wp.xpressbuddy.com\/evisa\/wp-content\/uploads\/2023\/12\/img_05-2.png\" alt=\"\"><\/div><h3 class=\"xb-item--title\">\u0641\u0631\u0646\u0633\u0627<\/h3><\/a><\/div><div class=\"xb-item--item\"><a href=\"https:\/\/litaliajara.com\/ar\/country\/germany\/\" class=\"xb-item--inner ul_li\"><div class=\"xb-item--flag\"><img decoding=\"async\" src=\"https:\/\/wp.xpressbuddy.com\/evisa\/wp-content\/uploads\/2023\/12\/img_06-2.png\" alt=\"\"><\/div><h3 class=\"xb-item--title\">\u0623\u0644\u0645\u0627\u0646\u064a\u0627<\/h3><\/a><\/div><div class=\"xb-item--item\"><a href=\"https:\/\/litaliajara.com\/ar\/country\/autriche\/\" class=\"xb-item--inner ul_li\"><div class=\"xb-item--flag\"><img decoding=\"async\" src=\"https:\/\/litaliajara.com\/wp-content\/uploads\/2025\/05\/austria-flag-design-template-ebfa53f6eb0efbf7c0fac0c1143f9ae9_screen.jpg\" alt=\"\"><\/div><h3 class=\"xb-item--title\">\u0627\u0644\u0646\u0645\u0633\u0627<\/h3><\/a><\/div><div class=\"xb-item--item\"><a href=\"https:\/\/litaliajara.com\/ar\/country\/italy1\/\" class=\"xb-item--inner ul_li\"><div class=\"xb-item--flag\"><img decoding=\"async\" src=\"https:\/\/wp.xpressbuddy.com\/evisa\/wp-content\/uploads\/2023\/12\/img_11.png\" alt=\"\"><\/div><h3 class=\"xb-item--title\">\u0625\u064a\u0637\u0627\u0644\u064a\u0627<\/h3><\/a><\/div><\/div>\t\t\t\t<\/div>\n\t\t\t\t<\/div>\n\t\t\t\t\t<\/div>\n\t\t<\/div>\n\t\t\t\t\t<\/div>\n\t\t<\/section>\n\t\t\t\t<\/div>\n\t\t\r\n      <\/div>\r\n              <\/div>\r\n        \t\t\t\t<\/div>\n\t\t\t\t<\/div>\n\t\t\t\t\t<\/div>\n\t\t<\/div>\n\t\t\t\t\t<\/div>\n\t\t<\/section>\n\t\t\t\t<section class=\"elementor-section elementor-top-section elementor-element elementor-element-2fcdf8d elementor-section-boxed elementor-section-height-default elementor-section-height-default\" data-id=\"2fcdf8d\" data-element_type=\"section\">\n\t\t\t\t\t\t<div class=\"elementor-container elementor-column-gap-default\">\n\t\t\t\t\t<div class=\"elementor-column elementor-col-100 elementor-top-column elementor-element elementor-element-3a6cfdf\" data-id=\"3a6cfdf\" data-element_type=\"column\">\n\t\t\t<div class=\"elementor-widget-wrap elementor-element-populated\">\n\t\t\t\t\t\t<div class=\"elementor-element elementor-element-5dee649 elementor-widget elementor-widget-int-contact-me\" data-id=\"5dee649\" data-element_type=\"widget\" data-widget_type=\"int-contact-me.default\">\n\t\t\t\t<div class=\"elementor-widget-container\">\n\t\t\t\t\t\r\n        <div class=\"team-single__contact\">\r\n            <div class=\"team-single__holder mb-35\">\r\n                                    <h3 class=\"title\">\u0627\u062a\u0635\u0644 \u0628\u0646\u0627<\/h3>\r\n                                                    <p>\u0644\u0646 \u064a\u062a\u0645 \u0646\u0634\u0631 \u0639\u0646\u0648\u0627\u0646 \u0628\u0631\u064a\u062f\u0643 \u0627\u0644\u0625\u0644\u0643\u062a\u0631\u0648\u0646\u064a. \u0627\u0644\u062d\u0642\u0648\u0644 \u0627\u0644\u0645\u0637\u0644\u0648\u0628\u0629 \u062a\u0645 \u0648\u0636\u0639 \u0639\u0644\u0627\u0645\u0629 \u0627\u0644\u0646\u062c\u0645\u0629 \u0639\u0644\u064a\u0647\u0627 &gt;<\/p>\r\n                            <\/div>\r\n                            <div class=\"contact-from\">\r\n                    \n<div class=\"wpcf7 no-js\" id=\"wpcf7-f200-o1\" lang=\"en-US\" dir=\"ltr\" data-wpcf7-id=\"200\">\n<div class=\"screen-reader-response\"><p role=\"status\" aria-live=\"polite\" aria-atomic=\"true\"><\/p> <ul><\/ul><\/div>\n<form action=\"\/ar\/wp-json\/wp\/v2\/pages\/108#wpcf7-f200-o1\" method=\"post\" class=\"wpcf7-form init\" aria-label=\"Contact form\" novalidate=\"novalidate\" data-status=\"init\" data-trp-original-action=\"\/ar\/wp-json\/wp\/v2\/pages\/108#wpcf7-f200-o1\">\n<div style=\"display: none;\">\n<input type=\"hidden\" name=\"_wpcf7\" value=\"200\" \/>\n<input type=\"hidden\" name=\"_wpcf7_version\" value=\"6.0.6\" \/>\n<input type=\"hidden\" name=\"_wpcf7_locale\" value=\"en_US\" \/>\n<input type=\"hidden\" name=\"_wpcf7_unit_tag\" value=\"wpcf7-f200-o1\" \/>\n<input type=\"hidden\" name=\"_wpcf7_container_post\" value=\"0\" \/>\n<input type=\"hidden\" name=\"_wpcf7_posted_data_hash\" value=\"\" \/>\n<\/div>\n<div class=\"row\">\n    <div class=\"col-lg-6\">\n        <div class=\"xb-item--field\">\n            <label for=\"name\">\u0627\u0633\u0645<\/label>\n            <div class=\"field-inner pos-rel\">\n            <span class=\"icon icon-user\"><\/span>\n<span class=\"wpcf7-form-control-wrap\" data-name=\"text-929\"><input size=\"40\" maxlength=\"400\" class=\"wpcf7-form-control wpcf7-text wpcf7-validates-as-required\" aria-required=\"true\" aria-invalid=\"false\" placeholder=\"\u0641\u0644\u064a\u0646 \u0628\u0646 \u0641\u0648\u0644\u064a\u0646\" value=\"\" type=\"text\" name=\"text-929\" \/><\/span>\n            <\/div>\n        <\/div>\n    <\/div>\n    <div class=\"col-lg-6\">\n        <div class=\"xb-item--field\">\n            <label for=\"email\">\u0628\u0631\u064a\u062f \u0625\u0644\u0643\u062a\u0631\u0648\u0646\u064a<\/label>\n            <div class=\"field-inner pos-rel\">\n            <span class=\"icon icon-mail\"><\/span>\n<span class=\"wpcf7-form-control-wrap\" data-name=\"email-454\"><input size=\"40\" maxlength=\"400\" class=\"wpcf7-form-control wpcf7-email wpcf7-validates-as-required wpcf7-text wpcf7-validates-as-email\" aria-required=\"true\" aria-invalid=\"false\" placeholder=\"example@gmail.com\" value=\"\" type=\"email\" name=\"email-454\" \/><\/span>\n            <\/div>\n        <\/div>\n    <\/div>\n    <div class=\"col-12\">\n        <div class=\"xb-item--field\">\n            <label for=\"message2\">\u0631\u0633\u0627\u0644\u0629<\/label>\n            <div class=\"field-inner pos-rel\">\n            <span class=\"icon icon-message\"><\/span>\n<span class=\"wpcf7-form-control-wrap\" data-name=\"textarea-670\"><textarea cols=\"40\" rows=\"10\" maxlength=\"2000\" class=\"wpcf7-form-control wpcf7-textarea wpcf7-validates-as-required\" aria-required=\"true\" aria-invalid=\"false\" placeholder=\"\u0627\u0643\u062a\u0628 \u0631\u0633\u0627\u0644\u062a\u0643...\" name=\"textarea-670\"><\/textarea><\/span>\n            <\/div>\n        <\/div>\n    <\/div>\n    <div class=\"form-button text-center\">\n        <button class=\"thm-btn\" type=\"submit\">\u0623\u0631\u0633\u0644 \u0631\u0633\u0627\u0644\u0629<\/button>\n    <\/div>\n<\/div><div class=\"wpcf7-response-output\" aria-hidden=\"true\"><\/div>\n<input type=\"hidden\" name=\"trp-form-language\" value=\"ar\"\/><\/form>\n<\/div>\n                <\/div>\r\n                    <\/div>\r\n        \t\t\t\t<\/div>\n\t\t\t\t<\/div>\n\t\t\t\t\t<\/div>\n\t\t<\/div>\n\t\t\t\t\t<\/div>\n\t\t<\/section>\n\t\t\t\t<\/div>","protected":false},"excerpt":{"rendered":"<p>Notre entreprise fournit des services pour des multiples destinations. Choisir la destination id\u00e9ale pour l\u2019immigration est une d\u00e9cision cruciale qui peut fa\u00e7onner la trajectoire de votre avenir. Europe Belgique France Germany L&#039;Autriche Italy Contactez-nous Votre adresse e-mail ne sera pas publi\u00e9e. Les champs obligatoires sont marqu\u00e9s d&rsquo;un ast\u00e9risque > Name Email Message Send a Message<\/p>","protected":false},"author":1,"featured_media":0,"parent":0,"menu_order":0,"comment_status":"closed","ping_status":"closed","template":"evisa-template.php","meta":{"inline_featured_image":false,"footnotes":""},"class_list":["post-108","page","type-page","status-publish","hentry"],"_links":{"self":[{"href":"https:\/\/litaliajara.com\/ar\/wp-json\/wp\/v2\/pages\/108","targetHints":{"allow":["GET"]}}],"collection":[{"href":"https:\/\/litaliajara.com\/ar\/wp-json\/wp\/v2\/pages"}],"about":[{"href":"https:\/\/litaliajara.com\/ar\/wp-json\/wp\/v2\/types\/page"}],"author":[{"embeddable":true,"href":"https:\/\/litaliajara.com\/ar\/wp-json\/wp\/v2\/users\/1"}],"replies":[{"embeddable":true,"href":"https:\/\/litaliajara.com\/ar\/wp-json\/wp\/v2\/comments?post=108"}],"version-history":[{"count":8,"href":"https:\/\/litaliajara.com\/ar\/wp-json\/wp\/v2\/pages\/108\/revisions"}],"predecessor-version":[{"id":2685,"href":"https:\/\/litaliajara.com\/ar\/wp-json\/wp\/v2\/pages\/108\/revisions\/2685"}],"wp:attachment":[{"href":"https:\/\/litaliajara.com\/ar\/wp-json\/wp\/v2\/media?parent=108"}],"curies":[{"name":"wp","href":"https:\/\/api.w.org\/{rel}","templated":true}]}}